{"id":784,"date":"2017-02-23T14:20:42","date_gmt":"2017-02-23T17:20:42","guid":{"rendered":"http:\/\/cityrh.com.br\/blog\/?page_id=784"},"modified":"2017-03-22T19:11:06","modified_gmt":"2017-03-22T22:11:06","slug":"outplacement","status":"publish","type":"page","link":"https:\/\/cityrh.com.br\/blog\/outplacement\/","title":{"rendered":"OUTPLACEMENT"},"content":{"rendered":"<p>Outplacement \u00e9 o nome dado ao servi\u00e7o oferecido aos profissionais em transi\u00e7\u00e3o de carreira patrocinado pela pr\u00f3pria empresa no caso de um desligamento.<\/p>\n<p>Este processo n\u00e3o \u00e9 garantia de uma vaga, mas sim a prepara\u00e7\u00e3o do profissional para momentos de transi\u00e7\u00e3o profissional e todas as consequ\u00eancias envolvidas neste momento.<\/p>\n<p>A transi\u00e7\u00e3o profissional \u00e9 um dos momentos que mais fragiliza e que o coloca frente as suas cren\u00e7as e potencialidades;<\/p>\n<p>Assessor\u00e1-lo a identificar, classificar e refor\u00e7ar suas caracter\u00edsticas e potencialidades; construir um novo referencial pessoal e apresent\u00e1-lo ao mercado, prospectar oportunidades e saber aproveit\u00e1-las s\u00e3o alguns componentes deste servi\u00e7o.<\/p>\n<p>Atrav\u00e9s desta assessoria o profissional se fortalece, n\u00e3o somente para todas as situa\u00e7\u00f5es de avalia\u00e7\u00e3o pelas quais passar\u00e1, mas tamb\u00e9m para retomar de forma eficaz a constru\u00e7\u00e3o de sua carreira.<\/p>\n<p>Este processo prop\u00f5e a discuss\u00e3o e compreens\u00e3o do n\u00edvel de empregabilidade do profissional e consequentemente plano de a\u00e7\u00e3o para aumentar sua competitividade no mercado de trabalho.<\/p>\n<p>Solicite a visita de nossos consultores e descubra os benef\u00edcios que esta consultoria pode trazer para sua empresa.&nbsp;<\/p>\n<p><strong>Para Profissionais que queiram investir, por conta pr\u00f3pria, em seu processo de recoloca\u00e7\u00e3o, temos duas alternativas:<\/strong><\/p>\n<p>Programa de Transi\u00e7\u00e3o Profissional &#8211; Presencial (Veja mais detalhes pelo link:&nbsp;<a target=\"_blank\" href=\"http:\/\/cityrh.com.br\/blog\/programa-transicao-profissional\/\">http:\/\/cityrh.com.br\/blog\/programa-transicao-profissional\/<\/a><\/p>\n<p>Programa de Transi\u00e7\u00e3o Profissional &#8211; Via Web (Veja mais detalhes pelo link:&nbsp;<a target=\"_blank\" href=\"http:\/\/cityrh.com.br\/blog\/programa-transicao-profissional-via-web\/\">http:\/\/cityrh.com.br\/blog\/programa-transicao-profissional-via-web\/<\/a><\/p>\n","protected":false},"excerpt":{"rendered":"<p>Outplacement \u00e9 o nome dado ao servi\u00e7o oferecido aos profissionais em transi\u00e7\u00e3o de carreira patrocinado pela pr\u00f3pria empresa no caso de um desligamento. Este processo<\/p>\n","protected":false},"author":1,"featured_media":785,"parent":0,"menu_order":111,"comment_status":"closed","ping_status":"closed","template":"page-templates\/template-services.php","meta":{"_monsterinsights_skip_tracking":false,"_monsterinsights_sitenote_active":false,"_monsterinsights_sitenote_note":"","_monsterinsights_sitenote_category":0,"footnotes":""},"yoast_head":"<!-- This site is optimized with the Yoast SEO plugin v22.1 - https:\/\/yoast.com\/wordpress\/plugins\/seo\/ -->\n<title>OUTPLACEMENT -<\/title>\n<meta name=\"robots\" content=\"index, follow, max-snippet:-1, max-image-preview:large, max-video-preview:-1\" \/>\n<link rel=\"canonical\" href=\"https:\/\/cityrh.com.br\/blog\/outplacement\/\" \/>\n<meta property=\"og:locale\" content=\"pt_BR\" \/>\n<meta property=\"og:type\" content=\"article\" \/>\n<meta property=\"og:title\" content=\"OUTPLACEMENT -\" \/>\n<meta property=\"og:description\" content=\"Outplacement \u00e9 o nome dado ao servi\u00e7o oferecido aos profissionais em transi\u00e7\u00e3o de carreira patrocinado pela pr\u00f3pria empresa no caso de um desligamento. Este processo\" \/>\n<meta property=\"og:url\" content=\"https:\/\/cityrh.com.br\/blog\/outplacement\/\" \/>\n<meta property=\"article:publisher\" content=\"https:\/\/business.facebook.com\/cityrh?business_id=751263628296988\" \/>\n<meta property=\"article:modified_time\" content=\"2017-03-22T22:11:06+00:00\" \/>\n<meta property=\"og:image\" content=\"https:\/\/cityrh.com.br\/blog\/wp-content\/uploads\/2017\/02\/Outplacement-blog.jpg\" \/>\n\t<meta property=\"og:image:width\" content=\"380\" \/>\n\t<meta property=\"og:image:height\" content=\"240\" \/>\n\t<meta property=\"og:image:type\" content=\"image\/jpeg\" \/>\n<meta name=\"twitter:card\" content=\"summary_large_image\" \/>\n<meta name=\"twitter:site\" content=\"@cityrh\" \/>\n<meta name=\"twitter:label1\" content=\"Est. tempo de leitura\" \/>\n\t<meta name=\"twitter:data1\" content=\"1 minuto\" \/>\n<script type=\"application\/ld+json\" class=\"yoast-schema-graph\">{\"@context\":\"https:\/\/schema.org\",\"@graph\":[{\"@type\":\"WebPage\",\"@id\":\"https:\/\/cityrh.com.br\/blog\/outplacement\/\",\"url\":\"https:\/\/cityrh.com.br\/blog\/outplacement\/\",\"name\":\"OUTPLACEMENT -\",\"isPartOf\":{\"@id\":\"https:\/\/cityrh.com.br\/blog\/#website\"},\"datePublished\":\"2017-02-23T17:20:42+00:00\",\"dateModified\":\"2017-03-22T22:11:06+00:00\",\"breadcrumb\":{\"@id\":\"https:\/\/cityrh.com.br\/blog\/outplacement\/#breadcrumb\"},\"inLanguage\":\"pt-BR\",\"potentialAction\":[{\"@type\":\"ReadAction\",\"target\":[\"https:\/\/cityrh.com.br\/blog\/outplacement\/\"]}]},{\"@type\":\"BreadcrumbList\",\"@id\":\"https:\/\/cityrh.com.br\/blog\/outplacement\/#breadcrumb\",\"itemListElement\":[{\"@type\":\"ListItem\",\"position\":1,\"name\":\"In\u00edcio\",\"item\":\"https:\/\/cityrh.com.br\/blog\/\"},{\"@type\":\"ListItem\",\"position\":2,\"name\":\"OUTPLACEMENT\"}]},{\"@type\":\"WebSite\",\"@id\":\"https:\/\/cityrh.com.br\/blog\/#website\",\"url\":\"https:\/\/cityrh.com.br\/blog\/\",\"name\":\"\",\"description\":\"\",\"publisher\":{\"@id\":\"https:\/\/cityrh.com.br\/blog\/#organization\"},\"potentialAction\":[{\"@type\":\"SearchAction\",\"target\":{\"@type\":\"EntryPoint\",\"urlTemplate\":\"https:\/\/cityrh.com.br\/blog\/?s={search_term_string}\"},\"query-input\":\"required name=search_term_string\"}],\"inLanguage\":\"pt-BR\"},{\"@type\":\"Organization\",\"@id\":\"https:\/\/cityrh.com.br\/blog\/#organization\",\"name\":\"CITYRH\",\"url\":\"https:\/\/cityrh.com.br\/blog\/\",\"logo\":{\"@type\":\"ImageObject\",\"inLanguage\":\"pt-BR\",\"@id\":\"https:\/\/cityrh.com.br\/blog\/#\/schema\/logo\/image\/\",\"url\":\"http:\/\/cityrh.com.br\/blog\/wp-content\/uploads\/2015\/04\/logo.png\",\"contentUrl\":\"http:\/\/cityrh.com.br\/blog\/wp-content\/uploads\/2015\/04\/logo.png\",\"width\":104,\"height\":75,\"caption\":\"CITYRH\"},\"image\":{\"@id\":\"https:\/\/cityrh.com.br\/blog\/#\/schema\/logo\/image\/\"},\"sameAs\":[\"https:\/\/business.facebook.com\/cityrh?business_id=751263628296988\",\"https:\/\/twitter.com\/cityrh\",\"https:\/\/www.linkedin.com\/company\/cityrh?trk=nav_account_sub_nav_company_admin\",\"https:\/\/www.youtube.com\/channel\/UCh56imq9zFHrpPz2ovyPw7Q\"]}]}<\/script>\n<!-- \/ Yoast SEO plugin. -->","yoast_head_json":{"title":"OUTPLACEMENT -","robots":{"index":"index","follow":"follow","max-snippet":"max-snippet:-1","max-image-preview":"max-image-preview:large","max-video-preview":"max-video-preview:-1"},"canonical":"https:\/\/cityrh.com.br\/blog\/outplacement\/","og_locale":"pt_BR","og_type":"article","og_title":"OUTPLACEMENT -","og_description":"Outplacement \u00e9 o nome dado ao servi\u00e7o oferecido aos profissionais em transi\u00e7\u00e3o de carreira patrocinado pela pr\u00f3pria empresa no caso de um desligamento. Este processo","og_url":"https:\/\/cityrh.com.br\/blog\/outplacement\/","article_publisher":"https:\/\/business.facebook.com\/cityrh?business_id=751263628296988","article_modified_time":"2017-03-22T22:11:06+00:00","og_image":[{"width":380,"height":240,"url":"https:\/\/cityrh.com.br\/blog\/wp-content\/uploads\/2017\/02\/Outplacement-blog.jpg","type":"image\/jpeg"}],"twitter_card":"summary_large_image","twitter_site":"@cityrh","twitter_misc":{"Est. tempo de leitura":"1 minuto"},"schema":{"@context":"https:\/\/schema.org","@graph":[{"@type":"WebPage","@id":"https:\/\/cityrh.com.br\/blog\/outplacement\/","url":"https:\/\/cityrh.com.br\/blog\/outplacement\/","name":"OUTPLACEMENT -","isPartOf":{"@id":"https:\/\/cityrh.com.br\/blog\/#website"},"datePublished":"2017-02-23T17:20:42+00:00","dateModified":"2017-03-22T22:11:06+00:00","breadcrumb":{"@id":"https:\/\/cityrh.com.br\/blog\/outplacement\/#breadcrumb"},"inLanguage":"pt-BR","potentialAction":[{"@type":"ReadAction","target":["https:\/\/cityrh.com.br\/blog\/outplacement\/"]}]},{"@type":"BreadcrumbList","@id":"https:\/\/cityrh.com.br\/blog\/outplacement\/#breadcrumb","itemListElement":[{"@type":"ListItem","position":1,"name":"In\u00edcio","item":"https:\/\/cityrh.com.br\/blog\/"},{"@type":"ListItem","position":2,"name":"OUTPLACEMENT"}]},{"@type":"WebSite","@id":"https:\/\/cityrh.com.br\/blog\/#website","url":"https:\/\/cityrh.com.br\/blog\/","name":"","description":"","publisher":{"@id":"https:\/\/cityrh.com.br\/blog\/#organization"},"potentialAction":[{"@type":"SearchAction","target":{"@type":"EntryPoint","urlTemplate":"https:\/\/cityrh.com.br\/blog\/?s={search_term_string}"},"query-input":"required name=search_term_string"}],"inLanguage":"pt-BR"},{"@type":"Organization","@id":"https:\/\/cityrh.com.br\/blog\/#organization","name":"CITYRH","url":"https:\/\/cityrh.com.br\/blog\/","logo":{"@type":"ImageObject","inLanguage":"pt-BR","@id":"https:\/\/cityrh.com.br\/blog\/#\/schema\/logo\/image\/","url":"http:\/\/cityrh.com.br\/blog\/wp-content\/uploads\/2015\/04\/logo.png","contentUrl":"http:\/\/cityrh.com.br\/blog\/wp-content\/uploads\/2015\/04\/logo.png","width":104,"height":75,"caption":"CITYRH"},"image":{"@id":"https:\/\/cityrh.com.br\/blog\/#\/schema\/logo\/image\/"},"sameAs":["https:\/\/business.facebook.com\/cityrh?business_id=751263628296988","https:\/\/twitter.com\/cityrh","https:\/\/www.linkedin.com\/company\/cityrh?trk=nav_account_sub_nav_company_admin","https:\/\/www.youtube.com\/channel\/UCh56imq9zFHrpPz2ovyPw7Q"]}]}},"_links":{"self":[{"href":"https:\/\/cityrh.com.br\/blog\/wp-json\/wp\/v2\/pages\/784"}],"collection":[{"href":"https:\/\/cityrh.com.br\/blog\/wp-json\/wp\/v2\/pages"}],"about":[{"href":"https:\/\/cityrh.com.br\/blog\/wp-json\/wp\/v2\/types\/page"}],"author":[{"embeddable":true,"href":"https:\/\/cityrh.com.br\/blog\/wp-json\/wp\/v2\/users\/1"}],"replies":[{"embeddable":true,"href":"https:\/\/cityrh.com.br\/blog\/wp-json\/wp\/v2\/comments?post=784"}],"version-history":[{"count":3,"href":"https:\/\/cityrh.com.br\/blog\/wp-json\/wp\/v2\/pages\/784\/revisions"}],"predecessor-version":[{"id":1209,"href":"https:\/\/cityrh.com.br\/blog\/wp-json\/wp\/v2\/pages\/784\/revisions\/1209"}],"wp:featuredmedia":[{"embeddable":true,"href":"https:\/\/cityrh.com.br\/blog\/wp-json\/wp\/v2\/media\/785"}],"wp:attachment":[{"href":"https:\/\/cityrh.com.br\/blog\/wp-json\/wp\/v2\/media?parent=784"}],"curies":[{"name":"wp","href":"https:\/\/api.w.org\/{rel}","templated":true}]}}