{"id":790,"date":"2017-02-23T14:23:50","date_gmt":"2017-02-23T17:23:50","guid":{"rendered":"http:\/\/cityrh.com.br\/blog\/?page_id=790"},"modified":"2017-02-23T14:49:53","modified_gmt":"2017-02-23T17:49:53","slug":"planejamento-e-aconselhamento-de-carreiras","status":"publish","type":"page","link":"https:\/\/cityrh.com.br\/blog\/planejamento-e-aconselhamento-de-carreiras\/","title":{"rendered":"PLANEJAMENTO E ACONSELHAMENTO DE CARREIRAS"},"content":{"rendered":"<p><span class=\"strong sz16\"><strong>Para o Profissional<\/strong><br \/>\n<\/span><br \/>\nO desenvolvimento de uma carreira passa por uma s\u00e9rie de escolhas. Estas escolhas podem ser for\u00e7adas pelo contexto ou pela vontade do profissional.<\/p>\n<p>No decorrer das fases de crescimento profissional estas escolhas podem ser ajustadas ou n\u00e3o.<\/p>\n<p>A escolha da forma\u00e7\u00e3o, os cursos de aperfei\u00e7oamento, o desenvolvimento de habilidades, o reconhecimento de \u00e1reas limitantes, o reconhecimento de talentos, tudo isto \u00e9 avaliado num projeto que visa impulsionar a carreira a novos patamares.<\/p>\n<p>O projeto apura o desempenho do profissional nos seus v\u00e1rios pap\u00e9is, nos diversos palcos de atua\u00e7\u00e3o, buscando identificar \u00e1reas de oportunidades e amplia\u00e7\u00e3o de resultados positivos.<\/p>\n<p><strong><span class=\"strong sz16\">Para as empresas<\/span> <\/strong><\/p>\n<p>A identifica\u00e7\u00e3o e defini\u00e7\u00e3o de carreiras internas. O estabelecimento de fatores determinantes na confec\u00e7\u00e3o das carreiras.<\/p>\n<p>A constitui\u00e7\u00e3o de uma estrutura de cargos e sal\u00e1rios com coer\u00eancia interna e com o mercado. A defini\u00e7\u00e3o de limites, e poss\u00edveis futuros aos talentos internos.<\/p>\n<p>Toda a configura\u00e7\u00e3o de compet\u00eancias, atuais e futuras, necess\u00e1rias para o crescimento da organiza\u00e7\u00e3o e o aproveitamento dos investimentos realizados no capital humano.<\/p>\n<p>Um projeto que v\u00ea a empresa como um organismo em constante muta\u00e7\u00e3o e desenvolvimento e, por isso, com necessidade de um acompanhamento e diagn\u00f3stico de cada prioridade em cada momento de sua jornada.<\/p>\n<p>Solicite a visita de nossos consultores e descubra os benef\u00edcios que esta consultoria pode trazer para sua empresa.<\/p>\n","protected":false},"excerpt":{"rendered":"<p>Para o Profissional O desenvolvimento de uma carreira passa por uma s\u00e9rie de escolhas. Estas escolhas podem ser for\u00e7adas pelo contexto ou pela vontade do<\/p>\n","protected":false},"author":1,"featured_media":791,"parent":0,"menu_order":109,"comment_status":"closed","ping_status":"closed","template":"page-templates\/template-services.php","meta":{"_monsterinsights_skip_tracking":false,"_monsterinsights_sitenote_active":false,"_monsterinsights_sitenote_note":"","_monsterinsights_sitenote_category":0,"footnotes":""},"yoast_head":"<!-- This site is optimized with the Yoast SEO plugin v22.1 - https:\/\/yoast.com\/wordpress\/plugins\/seo\/ -->\n<title>PLANEJAMENTO E ACONSELHAMENTO DE CARREIRAS -<\/title>\n<meta name=\"robots\" content=\"index, follow, max-snippet:-1, max-image-preview:large, max-video-preview:-1\" \/>\n<link rel=\"canonical\" href=\"https:\/\/cityrh.com.br\/blog\/planejamento-e-aconselhamento-de-carreiras\/\" \/>\n<meta property=\"og:locale\" content=\"pt_BR\" \/>\n<meta property=\"og:type\" content=\"article\" \/>\n<meta property=\"og:title\" content=\"PLANEJAMENTO E ACONSELHAMENTO DE CARREIRAS -\" \/>\n<meta property=\"og:description\" content=\"Para o Profissional O desenvolvimento de uma carreira passa por uma s\u00e9rie de escolhas. Estas escolhas podem ser for\u00e7adas pelo contexto ou pela vontade do\" \/>\n<meta property=\"og:url\" content=\"https:\/\/cityrh.com.br\/blog\/planejamento-e-aconselhamento-de-carreiras\/\" \/>\n<meta property=\"article:publisher\" content=\"https:\/\/business.facebook.com\/cityrh?business_id=751263628296988\" \/>\n<meta property=\"article:modified_time\" content=\"2017-02-23T17:49:53+00:00\" \/>\n<meta property=\"og:image\" content=\"https:\/\/cityrh.com.br\/blog\/wp-content\/uploads\/2017\/02\/Planejamento-carreiras-blog.jpg\" \/>\n\t<meta property=\"og:image:width\" content=\"380\" \/>\n\t<meta property=\"og:image:height\" content=\"240\" \/>\n\t<meta property=\"og:image:type\" content=\"image\/jpeg\" \/>\n<meta name=\"twitter:card\" content=\"summary_large_image\" \/>\n<meta name=\"twitter:site\" content=\"@cityrh\" \/>\n<meta name=\"twitter:label1\" content=\"Est. tempo de leitura\" \/>\n\t<meta name=\"twitter:data1\" content=\"1 minuto\" \/>\n<script type=\"application\/ld+json\" class=\"yoast-schema-graph\">{\"@context\":\"https:\/\/schema.org\",\"@graph\":[{\"@type\":\"WebPage\",\"@id\":\"https:\/\/cityrh.com.br\/blog\/planejamento-e-aconselhamento-de-carreiras\/\",\"url\":\"https:\/\/cityrh.com.br\/blog\/planejamento-e-aconselhamento-de-carreiras\/\",\"name\":\"PLANEJAMENTO E ACONSELHAMENTO DE CARREIRAS -\",\"isPartOf\":{\"@id\":\"https:\/\/cityrh.com.br\/blog\/#website\"},\"datePublished\":\"2017-02-23T17:23:50+00:00\",\"dateModified\":\"2017-02-23T17:49:53+00:00\",\"breadcrumb\":{\"@id\":\"https:\/\/cityrh.com.br\/blog\/planejamento-e-aconselhamento-de-carreiras\/#breadcrumb\"},\"inLanguage\":\"pt-BR\",\"potentialAction\":[{\"@type\":\"ReadAction\",\"target\":[\"https:\/\/cityrh.com.br\/blog\/planejamento-e-aconselhamento-de-carreiras\/\"]}]},{\"@type\":\"BreadcrumbList\",\"@id\":\"https:\/\/cityrh.com.br\/blog\/planejamento-e-aconselhamento-de-carreiras\/#breadcrumb\",\"itemListElement\":[{\"@type\":\"ListItem\",\"position\":1,\"name\":\"In\u00edcio\",\"item\":\"https:\/\/cityrh.com.br\/blog\/\"},{\"@type\":\"ListItem\",\"position\":2,\"name\":\"PLANEJAMENTO E ACONSELHAMENTO DE CARREIRAS\"}]},{\"@type\":\"WebSite\",\"@id\":\"https:\/\/cityrh.com.br\/blog\/#website\",\"url\":\"https:\/\/cityrh.com.br\/blog\/\",\"name\":\"\",\"description\":\"\",\"publisher\":{\"@id\":\"https:\/\/cityrh.com.br\/blog\/#organization\"},\"potentialAction\":[{\"@type\":\"SearchAction\",\"target\":{\"@type\":\"EntryPoint\",\"urlTemplate\":\"https:\/\/cityrh.com.br\/blog\/?s={search_term_string}\"},\"query-input\":\"required name=search_term_string\"}],\"inLanguage\":\"pt-BR\"},{\"@type\":\"Organization\",\"@id\":\"https:\/\/cityrh.com.br\/blog\/#organization\",\"name\":\"CITYRH\",\"url\":\"https:\/\/cityrh.com.br\/blog\/\",\"logo\":{\"@type\":\"ImageObject\",\"inLanguage\":\"pt-BR\",\"@id\":\"https:\/\/cityrh.com.br\/blog\/#\/schema\/logo\/image\/\",\"url\":\"http:\/\/cityrh.com.br\/blog\/wp-content\/uploads\/2015\/04\/logo.png\",\"contentUrl\":\"http:\/\/cityrh.com.br\/blog\/wp-content\/uploads\/2015\/04\/logo.png\",\"width\":104,\"height\":75,\"caption\":\"CITYRH\"},\"image\":{\"@id\":\"https:\/\/cityrh.com.br\/blog\/#\/schema\/logo\/image\/\"},\"sameAs\":[\"https:\/\/business.facebook.com\/cityrh?business_id=751263628296988\",\"https:\/\/twitter.com\/cityrh\",\"https:\/\/www.linkedin.com\/company\/cityrh?trk=nav_account_sub_nav_company_admin\",\"https:\/\/www.youtube.com\/channel\/UCh56imq9zFHrpPz2ovyPw7Q\"]}]}<\/script>\n<!-- \/ Yoast SEO plugin. -->","yoast_head_json":{"title":"PLANEJAMENTO E ACONSELHAMENTO DE CARREIRAS -","robots":{"index":"index","follow":"follow","max-snippet":"max-snippet:-1","max-image-preview":"max-image-preview:large","max-video-preview":"max-video-preview:-1"},"canonical":"https:\/\/cityrh.com.br\/blog\/planejamento-e-aconselhamento-de-carreiras\/","og_locale":"pt_BR","og_type":"article","og_title":"PLANEJAMENTO E ACONSELHAMENTO DE CARREIRAS -","og_description":"Para o Profissional O desenvolvimento de uma carreira passa por uma s\u00e9rie de escolhas. Estas escolhas podem ser for\u00e7adas pelo contexto ou pela vontade do","og_url":"https:\/\/cityrh.com.br\/blog\/planejamento-e-aconselhamento-de-carreiras\/","article_publisher":"https:\/\/business.facebook.com\/cityrh?business_id=751263628296988","article_modified_time":"2017-02-23T17:49:53+00:00","og_image":[{"width":380,"height":240,"url":"https:\/\/cityrh.com.br\/blog\/wp-content\/uploads\/2017\/02\/Planejamento-carreiras-blog.jpg","type":"image\/jpeg"}],"twitter_card":"summary_large_image","twitter_site":"@cityrh","twitter_misc":{"Est. tempo de leitura":"1 minuto"},"schema":{"@context":"https:\/\/schema.org","@graph":[{"@type":"WebPage","@id":"https:\/\/cityrh.com.br\/blog\/planejamento-e-aconselhamento-de-carreiras\/","url":"https:\/\/cityrh.com.br\/blog\/planejamento-e-aconselhamento-de-carreiras\/","name":"PLANEJAMENTO E ACONSELHAMENTO DE CARREIRAS -","isPartOf":{"@id":"https:\/\/cityrh.com.br\/blog\/#website"},"datePublished":"2017-02-23T17:23:50+00:00","dateModified":"2017-02-23T17:49:53+00:00","breadcrumb":{"@id":"https:\/\/cityrh.com.br\/blog\/planejamento-e-aconselhamento-de-carreiras\/#breadcrumb"},"inLanguage":"pt-BR","potentialAction":[{"@type":"ReadAction","target":["https:\/\/cityrh.com.br\/blog\/planejamento-e-aconselhamento-de-carreiras\/"]}]},{"@type":"BreadcrumbList","@id":"https:\/\/cityrh.com.br\/blog\/planejamento-e-aconselhamento-de-carreiras\/#breadcrumb","itemListElement":[{"@type":"ListItem","position":1,"name":"In\u00edcio","item":"https:\/\/cityrh.com.br\/blog\/"},{"@type":"ListItem","position":2,"name":"PLANEJAMENTO E ACONSELHAMENTO DE CARREIRAS"}]},{"@type":"WebSite","@id":"https:\/\/cityrh.com.br\/blog\/#website","url":"https:\/\/cityrh.com.br\/blog\/","name":"","description":"","publisher":{"@id":"https:\/\/cityrh.com.br\/blog\/#organization"},"potentialAction":[{"@type":"SearchAction","target":{"@type":"EntryPoint","urlTemplate":"https:\/\/cityrh.com.br\/blog\/?s={search_term_string}"},"query-input":"required name=search_term_string"}],"inLanguage":"pt-BR"},{"@type":"Organization","@id":"https:\/\/cityrh.com.br\/blog\/#organization","name":"CITYRH","url":"https:\/\/cityrh.com.br\/blog\/","logo":{"@type":"ImageObject","inLanguage":"pt-BR","@id":"https:\/\/cityrh.com.br\/blog\/#\/schema\/logo\/image\/","url":"http:\/\/cityrh.com.br\/blog\/wp-content\/uploads\/2015\/04\/logo.png","contentUrl":"http:\/\/cityrh.com.br\/blog\/wp-content\/uploads\/2015\/04\/logo.png","width":104,"height":75,"caption":"CITYRH"},"image":{"@id":"https:\/\/cityrh.com.br\/blog\/#\/schema\/logo\/image\/"},"sameAs":["https:\/\/business.facebook.com\/cityrh?business_id=751263628296988","https:\/\/twitter.com\/cityrh","https:\/\/www.linkedin.com\/company\/cityrh?trk=nav_account_sub_nav_company_admin","https:\/\/www.youtube.com\/channel\/UCh56imq9zFHrpPz2ovyPw7Q"]}]}},"_links":{"self":[{"href":"https:\/\/cityrh.com.br\/blog\/wp-json\/wp\/v2\/pages\/790"}],"collection":[{"href":"https:\/\/cityrh.com.br\/blog\/wp-json\/wp\/v2\/pages"}],"about":[{"href":"https:\/\/cityrh.com.br\/blog\/wp-json\/wp\/v2\/types\/page"}],"author":[{"embeddable":true,"href":"https:\/\/cityrh.com.br\/blog\/wp-json\/wp\/v2\/users\/1"}],"replies":[{"embeddable":true,"href":"https:\/\/cityrh.com.br\/blog\/wp-json\/wp\/v2\/comments?post=790"}],"version-history":[{"count":2,"href":"https:\/\/cityrh.com.br\/blog\/wp-json\/wp\/v2\/pages\/790\/revisions"}],"predecessor-version":[{"id":800,"href":"https:\/\/cityrh.com.br\/blog\/wp-json\/wp\/v2\/pages\/790\/revisions\/800"}],"wp:featuredmedia":[{"embeddable":true,"href":"https:\/\/cityrh.com.br\/blog\/wp-json\/wp\/v2\/media\/791"}],"wp:attachment":[{"href":"https:\/\/cityrh.com.br\/blog\/wp-json\/wp\/v2\/media?parent=790"}],"curies":[{"name":"wp","href":"https:\/\/api.w.org\/{rel}","templated":true}]}}